{"id":43,"date":"2016-03-11T20:25:21","date_gmt":"2016-03-11T19:25:21","guid":{"rendered":"http:\/\/localhost\/?page_id=41"},"modified":"2024-11-27T23:53:45","modified_gmt":"2024-11-27T22:53:45","slug":"impressum","status":"publish","type":"page","link":"https:\/\/www.sommer-staab.de\/index.php\/impressum\/","title":{"rendered":"Impressum"},"content":{"rendered":"<div class=\"grey-box\">\n<h4>Impressum<\/h4>\n<h5>Angaben gem\u00e4\u00df \u00a7 5 TMG:<\/h5>\n<p>SOMMER+STAAB Fachplanung GmbH<br \/>\nErlengrund 9<br \/>\n63773 Goldbach<\/p>\n<h5>Vertreten durch:<\/h5>\n<p>Joachim Sommer<br \/>\nAndreas Staab<\/p>\n<\/div>\n<div class=\"grey-box\">\n<h5>Kontakt:<\/h5>\n<p>Telefon: 06021-27482<\/p>\n<p>E-Mail: fachplanung@sommer-staab.de<\/p>\n<\/div>\n<div class=\"grey-box\">\n<h5>Registereintrag:<\/h5>\n<p>Eintragung im Handelsregister.<br \/>\nRegistergericht: Amtsgericht Aschaffenburg<br \/>\nRegisternummer: HRB 8931<\/p>\n<\/div>\n<div class=\"grey-box\">\n<h5>Aufsichtsbeh\u00f6rde:<\/h5>\n<p>VDI Verein Deutscher Ingenieure<br \/>\nBerufsbezeichnung: Gesch\u00e4ftsf\u00fchrende Gesellschafter: Joachim Sommer, Andreas Staab<\/p>\n<\/div>\n<div class=\"grey-box\">\n<h5>Angaben zur Berufshaftpflichtversicherung:<\/h5>\n<p>Name und Sitz der Gesellschaft:<br \/>\nVHV Vereinigte Hannoversche Versicherung a.G.<br \/>\nConstantinstr. 40, 30177 Hannover<\/p>\n<p>Geltungsraum der Versicherung: Deutschland<\/p>\n<\/div>\n<div class=\"grey-box\">\n<h5>Haftungsausschluss (Disclaimer)<\/h5>\n<h5>Haftung f\u00fcr Inhalte<\/h5>\n<p>Als Diensteanbieter sind wir gem\u00e4\u00df \u00a7 7 Abs.1 TMG f\u00fcr eigene Inhalte auf diesen Seiten nach den allgemeinen Gesetzen verantwortlich. Nach \u00a7\u00a7 8 bis 10 TMG sind wir als Diensteanbieter jedoch nicht verpflichtet, \u00fcbermittelte oder gespeicherte fremde Informationen zu \u00fcberwachen oder nach Umst\u00e4nden zu forschen, die auf eine rechtswidrige T\u00e4tigkeit hinweisen. Verpflichtungen zur Entfernung oder Sperrung der Nutzung von Informationen nach den allgemeinen Gesetzen bleiben hiervon unber\u00fchrt. Eine diesbez\u00fcgliche Haftung ist jedoch erst ab dem Zeitpunkt der Kenntnis einer konkreten Rechtsverletzung m\u00f6glich. Bei Bekanntwerden von entsprechenden Rechtsverletzungen werden wir diese Inhalte umgehend entfernen.<\/p>\n<\/div>\n<div class=\"grey-box\">\n<h5>Haftung f\u00fcr Links<\/h5>\n<p>Unser Angebot enth\u00e4lt Links zu externen Webseiten Dritter, auf deren Inhalte wir keinen Einfluss haben. Deshalb k\u00f6nnen wir f\u00fcr diese fremden Inhalte auch keine Gew\u00e4hr \u00fcbernehmen. F\u00fcr die Inhalte der verlinkten Seiten ist stets der jeweilige Anbieter oder Betreiber der Seiten verantwortlich. Die verlinkten Seiten wurden zum Zeitpunkt der Verlinkung auf m\u00f6gliche Rechtsverst\u00f6\u00dfe \u00fcberpr\u00fcft. Rechtswidrige Inhalte waren zum Zeitpunkt der Verlinkung nicht erkennbar. Eine permanente inhaltliche Kontrolle der verlinkten Seiten ist jedoch ohne konkrete Anhaltspunkte einer Rechtsverletzung nicht zumutbar. Bei Bekanntwerden von Rechtsverletzungen werden wir derartige Links umgehend entfernen.<\/p>\n<\/div>\n<div class=\"grey-box\">\n<h5>Urheberrecht<\/h5>\n<p>Die durch die Seitenbetreiber erstellten Inhalte und Werke auf diesen Seiten unterliegen dem deutschen Urheberrecht. Die Vervielf\u00e4ltigung, Bearbeitung, Verbreitung und jede Art der Verwertung au\u00dferhalb der Grenzen des Urheberrechtes bed\u00fcrfen der schriftlichen Zustimmung des jeweiligen Autors bzw. Erstellers. Downloads und Kopien dieser Seite sind nur f\u00fcr den privaten, nicht kommerziellen Gebrauch gestattet. Soweit die Inhalte auf dieser Seite nicht vom Betreiber erstellt wurden, werden die Urheberrechte Dritter beachtet. Insbesondere werden Inhalte Dritter als solche gekennzeichnet. Sollten Sie trotzdem auf eine Urheberrechtsverletzung aufmerksam werden, bitten wir um einen entsprechenden Hinweis. Bei Bekanntwerden von Rechtsverletzungen werden wir derartige Inhalte umgehend entfernen.<\/p>\n<\/div>\n<div class=\"grey-box\">\n<h5>Layout\/technische Realisierung<\/h5>\n<p>SOMMER+STAAB Fachplanung GmbH<\/p>\n<\/div>\n","protected":false},"excerpt":{"rendered":"<p>Impressum Angaben gem\u00e4\u00df \u00a7 5 TMG: SOMMER+STAAB Fachplanung GmbH Erlengrund 9 63773 Goldbach Vertreten durch: Joachim Sommer Andreas Staab Kontakt: Telefon: 06021-27482 E-Mail: fachplanung@sommer-staab.de Registereintrag: Eintragung im Handelsregister. Registergericht: Amtsgericht Aschaffenburg Registernummer: HRB 8931 Aufsichtsbeh\u00f6rde: VDI Verein Deutscher Ingenieure Berufsbezeichnung: Gesch\u00e4ftsf\u00fchrende Gesellschafter: Joachim Sommer, Andreas Staab Angaben zur Berufshaftpflichtversicherung: Name\u2026<\/p>\n<p> <a class=\"continue-reading-link\" href=\"https:\/\/www.sommer-staab.de\/index.php\/impressum\/\"><span>Continue reading<\/span><i class=\"crycon-right-dir\"><\/i><\/a> <\/p>\n","protected":false},"author":1,"featured_media":0,"parent":0,"menu_order":0,"comment_status":"closed","ping_status":"closed","template":"","meta":[],"_links":{"self":[{"href":"https:\/\/www.sommer-staab.de\/index.php\/wp-json\/wp\/v2\/pages\/43"}],"collection":[{"href":"https:\/\/www.sommer-staab.de\/index.php\/wp-json\/wp\/v2\/pages"}],"about":[{"href":"https:\/\/www.sommer-staab.de\/index.php\/wp-json\/wp\/v2\/types\/page"}],"author":[{"embeddable":true,"href":"https:\/\/www.sommer-staab.de\/index.php\/wp-json\/wp\/v2\/users\/1"}],"replies":[{"embeddable":true,"href":"https:\/\/www.sommer-staab.de\/index.php\/wp-json\/wp\/v2\/comments?post=43"}],"version-history":[{"count":8,"href":"https:\/\/www.sommer-staab.de\/index.php\/wp-json\/wp\/v2\/pages\/43\/revisions"}],"predecessor-version":[{"id":960,"href":"https:\/\/www.sommer-staab.de\/index.php\/wp-json\/wp\/v2\/pages\/43\/revisions\/960"}],"wp:attachment":[{"href":"https:\/\/www.sommer-staab.de\/index.php\/wp-json\/wp\/v2\/media?parent=43"}],"curies":[{"name":"wp","href":"https:\/\/api.w.org\/{rel}","templated":true}]}}